{"id":19,"date":"2014-08-22T17:30:36","date_gmt":"2014-08-22T17:30:36","guid":{"rendered":"http:\/\/magmaproducts.co.uk\/?page_id=19"},"modified":"2014-09-24T09:16:51","modified_gmt":"2014-09-24T09:16:51","slug":"vacancies","status":"publish","type":"page","link":"http:\/\/magmaproducts.co.uk\/ro\/vacancies\/","title":{"rendered":"Locuri de munc\u0103"},"content":{"rendered":"<!-- AddThis Advanced Settings generic via filter on the_content --><!-- AddThis Share Buttons generic via filter on the_content -->","protected":false},"excerpt":{"rendered":"<p>La Magma vei avea oportunitatea s\u0103 fii implicat \u00een proiecte diversificate \u0219i s\u0103 lucrezi \u00eempreun\u0103 cu unii dintre cei mai buni profesioni\u0219ti din industrie.<!-- AddThis Advanced Settings generic via filter on get_the_excerpt --><!-- AddThis Share Buttons generic via filter on get_the_excerpt --><\/p>\n","protected":false},"author":1,"featured_media":0,"parent":0,"menu_order":3,"comment_status":"open","ping_status":"open","template":"page-vacancy.php","meta":[],"yoast_head":"<!-- This site is optimized with the Yoast SEO plugin v15.2.1 - https:\/\/yoast.com\/wordpress\/plugins\/seo\/ -->\n<meta name=\"robots\" content=\"index, follow, max-snippet:-1, max-image-preview:large, max-video-preview:-1\" \/>\n<link rel=\"canonical\" href=\"http:\/\/magmaproducts.co.uk\/ro\/vacancies\/\" \/>\n<meta property=\"og:locale\" content=\"ro_RO\" \/>\n<meta property=\"og:type\" content=\"article\" \/>\n<meta property=\"og:title\" content=\"VacanciesLocuri de munc\u0103 - Magma Products\" \/>\n<meta property=\"og:description\" content=\"At Magma you will have the opportunity to be involved in a diverse range of projects and work alongside some of the most experienced people within the industry.La Magma vei avea oportunitatea s\u0103 fii implicat \u00een proiecte diversificate \u0219i s\u0103 lucrezi \u00eempreun\u0103 cu unii dintre cei mai buni profesioni\u0219ti din industrie.\" \/>\n<meta property=\"og:url\" content=\"http:\/\/magmaproducts.co.uk\/ro\/vacancies\/\" \/>\n<meta property=\"og:site_name\" content=\"Magma Products\" \/>\n<meta property=\"article:modified_time\" content=\"2014-09-24T09:16:51+00:00\" \/>\n<meta name=\"twitter:card\" content=\"summary_large_image\" \/>\n<meta name=\"twitter:label1\" content=\"Scris de\">\n\t<meta name=\"twitter:data1\" content=\"admin\">\n<script type=\"application\/ld+json\" class=\"yoast-schema-graph\">{\"@context\":\"https:\/\/schema.org\",\"@graph\":[{\"@type\":\"WebSite\",\"@id\":\"https:\/\/magmaproducts.co.uk\/#website\",\"url\":\"https:\/\/magmaproducts.co.uk\/\",\"name\":\"Magma Products\",\"description\":\"Just another WordPress site\",\"potentialAction\":[{\"@type\":\"SearchAction\",\"target\":\"https:\/\/magmaproducts.co.uk\/?s={search_term_string}\",\"query-input\":\"required name=search_term_string\"}],\"inLanguage\":\"ro-RO\"},{\"@type\":\"WebPage\",\"@id\":\"http:\/\/magmaproducts.co.uk\/ro\/vacancies\/#webpage\",\"url\":\"http:\/\/magmaproducts.co.uk\/ro\/vacancies\/\",\"name\":\"VacanciesLocuri de munc\\u0103 - Magma Products\",\"isPartOf\":{\"@id\":\"https:\/\/magmaproducts.co.uk\/#website\"},\"datePublished\":\"2014-08-22T17:30:36+00:00\",\"dateModified\":\"2014-09-24T09:16:51+00:00\",\"inLanguage\":\"ro-RO\",\"potentialAction\":[{\"@type\":\"ReadAction\",\"target\":[\"http:\/\/magmaproducts.co.uk\/ro\/vacancies\/\"]}]}]}<\/script>\n<!-- \/ Yoast SEO plugin. -->","_links":{"self":[{"href":"http:\/\/magmaproducts.co.uk\/ro\/wp-json\/wp\/v2\/pages\/19"}],"collection":[{"href":"http:\/\/magmaproducts.co.uk\/ro\/wp-json\/wp\/v2\/pages"}],"about":[{"href":"http:\/\/magmaproducts.co.uk\/ro\/wp-json\/wp\/v2\/types\/page"}],"author":[{"embeddable":true,"href":"http:\/\/magmaproducts.co.uk\/ro\/wp-json\/wp\/v2\/users\/1"}],"replies":[{"embeddable":true,"href":"http:\/\/magmaproducts.co.uk\/ro\/wp-json\/wp\/v2\/comments?post=19"}],"version-history":[{"count":7,"href":"http:\/\/magmaproducts.co.uk\/ro\/wp-json\/wp\/v2\/pages\/19\/revisions"}],"predecessor-version":[{"id":351,"href":"http:\/\/magmaproducts.co.uk\/ro\/wp-json\/wp\/v2\/pages\/19\/revisions\/351"}],"wp:attachment":[{"href":"http:\/\/magmaproducts.co.uk\/ro\/wp-json\/wp\/v2\/media?parent=19"}],"curies":[{"name":"wp","href":"https:\/\/api.w.org\/{rel}","templated":true}]}}