{"id":15,"date":"2014-08-22T17:30:13","date_gmt":"2014-08-22T17:30:13","guid":{"rendered":"http:\/\/magmaproducts.co.uk\/?page_id=15"},"modified":"2014-09-24T09:55:31","modified_gmt":"2014-09-24T09:55:31","slug":"services","status":"publish","type":"page","link":"http:\/\/magmaproducts.co.uk\/ro\/services\/","title":{"rendered":"Servicii"},"content":{"rendered":"<p><\/p>\n<div class=\"row\">\n<div class=\"col-md-6 col-sm-6\">\nMagma Products este o companie interna\u021bional\u0103de consultan\u021b\u0103 \u00een inginerie. Suntem specializa\u021bi \u00een commissioning \u0219i start-up \u0219i avem, de asemenea, expertiz\u0103 \u00een pre-commissioning, decomissioning, \u00een monitorizarea \u0219i sus\u021binerea finaliz\u0103rii proiectelor, \u00een suport pe inginerie, precum \u0219i \u00een \u00eenchirierea de echipament \u00een industria de explorare si de produc\u021bie a petrolului \u0219i a gazelor din lumea intreag\u0103. Avem o vast\u0103 experien\u021b\u0103 pe toate fazele de produc\u021bie, de la testarea sondelor prin intermediul instala\u021biilor de produc\u021bie offshore \u0219i de suprafa\u021b\u0103, p\u00e2n\u0103 la procesarea onshore, pornind de la montare, p\u00e2n\u0103 la dezafectare.<\/p>\n<p>Serviciile noastre acoper\u0103 at\u00e2t aria instala\u021biilor noi, c\u00e2t \u0219i modernizarea \u0219i \u00eembun\u0103t\u0103\u021birea celor existente, \u00eencep\u00e2nd din faza studiilor preliminare, continu\u00e2nd cu etapele de design \u0219i construc\u021bie \u0219i p\u00e2n\u0103 la testare \u015fi punere \u00een func\u021biune. Suntem specializa\u021bi \u00een furnizarea de solu\u021bii avansate, rentabile, prompte \u0219i oportune pentru rezolvarea problemelor clien\u021bilor no\u0219tri.\n<\/p><\/div>\n<div class=\"col-md-6 col-sm-6\">\nIndustria interna\u021bional\u0103 de petrol se afl\u0103 \u00een situa\u021bia \u00een care este din ce \u00een ce mai mult nevoit\u0103 s\u0103 dezvolte z\u0103c\u0103minte depletate, folosind proiecte low-cost \u0219i `fast-track` \u015fi acest lucru este de obicei \u00eenso\u021bit de diverse provoc\u0103ri. Aceste provoc\u0103ri cer solu\u021bii inovatoare, care s\u0103 ofere sprijin at\u00e2t \u00een proiectele de explorarea noilor z\u0103c\u0103minte, c\u00e2t \u0219i pentru extinderea din punct de vedere economica duratei de via\u021b\u0103 a instala\u021biilor existente. <\/p>\n<p>De cele mai multe ori, g\u00e2ndirea `conventional\u0103` nu face ca explorarea \u015fi dezvoltarea z\u0103c\u0103m\u00e2ntului s\u0103 fie viabil\u0103 din punct de vedere economic. Datorit\u0103 demersului nostru inovator in privin\u021ba activit\u0103\u021bilor de recep\u021bie \u0219i punere \u00een func\u021biune, \u00eent\u00e2mpin\u0103m aceste provoc\u0103ri. Sper\u0103m c\u0103 website-ul nostru v\u0103 va oferi prilejul de a descoperi felul in care facem acest lucru.\n<\/p><\/div>\n<\/div>\n<p><\/p>\n<!-- AddThis Advanced Settings generic via filter on the_content --><!-- AddThis Share Buttons generic via filter on the_content -->","protected":false},"excerpt":{"rendered":"<p>Credem c\u0103 fiecare dintre clien\u021bii no\u0219tri se confrunt\u0103 cu o serie de provoc\u0103ri specifice  si c\u0103 nevoile lor pot fi satisf\u0103cute prin furnizarea de solu\u021bii inovatoare, adaptate acestor provoc\u0103ri.<!-- AddThis Advanced Settings generic via filter on get_the_excerpt --><!-- AddThis Share Buttons generic via filter on get_the_excerpt --><\/p>\n","protected":false},"author":1,"featured_media":0,"parent":0,"menu_order":2,"comment_status":"open","ping_status":"open","template":"page-services.php","meta":[],"yoast_head":"<!-- This site is optimized with the Yoast SEO plugin v15.2.1 - https:\/\/yoast.com\/wordpress\/plugins\/seo\/ -->\n<meta name=\"robots\" content=\"index, follow, max-snippet:-1, max-image-preview:large, max-video-preview:-1\" \/>\n<link rel=\"canonical\" href=\"https:\/\/magmaproducts.co.uk\/services\/\" \/>\n<meta property=\"og:locale\" content=\"ro_RO\" \/>\n<meta property=\"og:type\" content=\"article\" \/>\n<meta property=\"og:title\" content=\"ServicesServicii - Magma Products\" \/>\n<meta property=\"og:description\" content=\"We believe that each of our clients face a unique set of challenges and that their needs can be best met by providing innovative, engineered solutions to these challenges.Credem c\u0103 fiecare dintre clien\u021bii no\u0219tri se confrunt\u0103 cu o serie de provoc\u0103ri specifice si c\u0103 nevoile lor pot fi satisf\u0103cute prin furnizarea de solu\u021bii inovatoare, adaptate acestor provoc\u0103ri.\" \/>\n<meta property=\"og:url\" content=\"https:\/\/magmaproducts.co.uk\/services\/\" \/>\n<meta property=\"og:site_name\" content=\"Magma Products\" \/>\n<meta property=\"article:modified_time\" content=\"2014-09-24T09:55:31+00:00\" \/>\n<meta name=\"twitter:card\" content=\"summary_large_image\" \/>\n<meta name=\"twitter:label1\" content=\"Scris de\">\n\t<meta name=\"twitter:data1\" content=\"admin\">\n\t<meta name=\"twitter:label2\" content=\"Timp estimat pentru citire\">\n\t<meta name=\"twitter:data2\" content=\"2 minute\">\n<script type=\"application\/ld+json\" class=\"yoast-schema-graph\">{\"@context\":\"https:\/\/schema.org\",\"@graph\":[{\"@type\":\"WebSite\",\"@id\":\"https:\/\/magmaproducts.co.uk\/#website\",\"url\":\"https:\/\/magmaproducts.co.uk\/\",\"name\":\"Magma Products\",\"description\":\"Just another WordPress site\",\"potentialAction\":[{\"@type\":\"SearchAction\",\"target\":\"https:\/\/magmaproducts.co.uk\/?s={search_term_string}\",\"query-input\":\"required name=search_term_string\"}],\"inLanguage\":\"ro-RO\"},{\"@type\":\"WebPage\",\"@id\":\"https:\/\/magmaproducts.co.uk\/services\/#webpage\",\"url\":\"https:\/\/magmaproducts.co.uk\/services\/\",\"name\":\"ServicesServicii - Magma Products\",\"isPartOf\":{\"@id\":\"https:\/\/magmaproducts.co.uk\/#website\"},\"datePublished\":\"2014-08-22T17:30:13+00:00\",\"dateModified\":\"2014-09-24T09:55:31+00:00\",\"inLanguage\":\"ro-RO\",\"potentialAction\":[{\"@type\":\"ReadAction\",\"target\":[\"https:\/\/magmaproducts.co.uk\/services\/\"]}]}]}<\/script>\n<!-- \/ Yoast SEO plugin. -->","_links":{"self":[{"href":"http:\/\/magmaproducts.co.uk\/ro\/wp-json\/wp\/v2\/pages\/15"}],"collection":[{"href":"http:\/\/magmaproducts.co.uk\/ro\/wp-json\/wp\/v2\/pages"}],"about":[{"href":"http:\/\/magmaproducts.co.uk\/ro\/wp-json\/wp\/v2\/types\/page"}],"author":[{"embeddable":true,"href":"http:\/\/magmaproducts.co.uk\/ro\/wp-json\/wp\/v2\/users\/1"}],"replies":[{"embeddable":true,"href":"http:\/\/magmaproducts.co.uk\/ro\/wp-json\/wp\/v2\/comments?post=15"}],"version-history":[{"count":18,"href":"http:\/\/magmaproducts.co.uk\/ro\/wp-json\/wp\/v2\/pages\/15\/revisions"}],"predecessor-version":[{"id":374,"href":"http:\/\/magmaproducts.co.uk\/ro\/wp-json\/wp\/v2\/pages\/15\/revisions\/374"}],"wp:attachment":[{"href":"http:\/\/magmaproducts.co.uk\/ro\/wp-json\/wp\/v2\/media?parent=15"}],"curies":[{"name":"wp","href":"https:\/\/api.w.org\/{rel}","templated":true}]}}